{"id":9,"date":"2020-03-17T17:23:12","date_gmt":"2020-03-17T16:23:12","guid":{"rendered":"http:\/\/ecaty18.com\/?page_id=9"},"modified":"2020-05-05T09:43:07","modified_gmt":"2020-05-05T07:43:07","slug":"qui-sommes-nous","status":"publish","type":"page","link":"https:\/\/ecaty18.com\/index.php\/qui-sommes-nous\/","title":{"rendered":"Qui sommes-nous ?"},"content":{"rendered":"\n<p style=\"color:#09ac37;font-size:0\" class=\"has-text-color\"> <br><strong>&nbsp;  <\/strong> <br><\/p>\n\n\n\n<p><\/p>\n\n\n\n<p> <\/p>\n\n\n\n<p><\/p>\n\n\n\n<p style=\"background-color:#7b9a23\" class=\"has-text-color has-background has-medium-font-size has-very-light-gray-color\"><strong>Cr\u00e9\u00e9 en avril 2004, le club EDUCATION CANINE et AGILITY des TERRES D\u2019YEVRE (ECATY) est une association loi 1901 de la ville de MEHUN sur YEVRE. Elle est rattach\u00e9e par son activit\u00e9 cynophile \u00e0 la SOCIETE CENTRALE CANINE. <br>Initialement implant\u00e9 sur une zone annexe au terrain de football de l\u2019ancien village de Somme il s\u2019est progressivement agrandi et d\u00e9plac\u00e9 sur ce m\u00eame terrain de football permettant ainsi de s\u2019affranchir des zones inondables et de r\u00e9duire les g\u00eanes occasionnelles li\u00e9es \u00e0 notre activit\u00e9.   <br>Nos activit\u00e9s d\u2019\u00e9ducation canine, \u00e9cole du chiot, ob\u00e9issance et agility sont anim\u00e9es par des \u00e9ducatrices et \u00e9ducateurs agr\u00e9\u00e9s. Le club poss\u00e8de les \u00e9quipements homologu\u00e9s pour exercer ces activit\u00e9s.<\/strong><\/p>\n","protected":false},"excerpt":{"rendered":"<p>&nbsp; Cr\u00e9\u00e9 en avril 2004, le club EDUCATION CANINE et AGILITY des TERRES D\u2019YEVRE (ECATY) est une association loi 1901 de la ville de MEHUN sur YEVRE. Elle est rattach\u00e9e par son activit\u00e9 cynophile \u00e0 la SOCIETE CENTRALE CANINE. Initialement implant\u00e9 sur une zone annexe au terrain de football de l\u2019ancien village de Somme il&hellip;<\/p>\n","protected":false},"author":1,"featured_media":0,"parent":0,"menu_order":0,"comment_status":"closed","ping_status":"closed","template":"","meta":[],"_links":{"self":[{"href":"https:\/\/ecaty18.com\/index.php\/wp-json\/wp\/v2\/pages\/9"}],"collection":[{"href":"https:\/\/ecaty18.com\/index.php\/wp-json\/wp\/v2\/pages"}],"about":[{"href":"https:\/\/ecaty18.com\/index.php\/wp-json\/wp\/v2\/types\/page"}],"author":[{"embeddable":true,"href":"https:\/\/ecaty18.com\/index.php\/wp-json\/wp\/v2\/users\/1"}],"replies":[{"embeddable":true,"href":"https:\/\/ecaty18.com\/index.php\/wp-json\/wp\/v2\/comments?post=9"}],"version-history":[{"count":8,"href":"https:\/\/ecaty18.com\/index.php\/wp-json\/wp\/v2\/pages\/9\/revisions"}],"predecessor-version":[{"id":191,"href":"https:\/\/ecaty18.com\/index.php\/wp-json\/wp\/v2\/pages\/9\/revisions\/191"}],"wp:attachment":[{"href":"https:\/\/ecaty18.com\/index.php\/wp-json\/wp\/v2\/media?parent=9"}],"curies":[{"name":"wp","href":"https:\/\/api.w.org\/{rel}","templated":true}]}}