{"id":231,"date":"2020-05-05T11:02:30","date_gmt":"2020-05-05T09:02:30","guid":{"rendered":"http:\/\/ecaty18.com\/?page_id=231"},"modified":"2023-07-12T16:23:40","modified_gmt":"2023-07-12T14:23:40","slug":"liens-utiles","status":"publish","type":"page","link":"https:\/\/ecaty18.com\/index.php\/liens-utiles\/","title":{"rendered":"Liens et n\u00b0 t\u00e9l\u00e9phones utiles"},"content":{"rendered":"\n<p><a href=\"https:\/\/www.ville-mehun-sur-yevre.fr\/\" target=\"_blank\" rel=\"noopener\">&nbsp;<\/a><\/p>\n\n\n\n<p class=\"has-very-dark-gray-color has-pale-cyan-blue-background-color has-text-color has-background has-medium-font-size\"><strong>CLINIQUE VETERINAIRE DES FORGES<\/strong> <br>route de Bourges<br>18100 VIERZON       <strong><strong>02 48 75 52 52<\/strong><\/strong> <a href=\"https:\/\/www.cliniquedesforges.fr\/\"><a href=\"https:\/\/www.cliniquedesforges.fr\/\">Clinique v\u00e9t\u00e9rinaire des Forges | Clinique v\u00e9t\u00e9rinaire \u00e0 Vierzon &#8211; Clinique V\u00e9t\u00e9rinaire des Forges (cliniquedesforges.fr)<\/a><\/a><\/p>\n\n\n\n<p><\/p>\n\n\n\n<p class=\"has-very-dark-gray-color has-luminous-vivid-orange-background-color has-text-color has-background has-medium-font-size\"><strong>CENTRE ANTI-POISON POUR ANIMAUX <\/strong>(ouvert 24h\/24) <strong>LYON 04 78 87 10 40 <br>NANTES 02 40 68 77 40 <\/strong><\/p>\n\n\n\n<p class=\"has-text-align-center has-large-font-size\"><strong>NOS PARTENAIRES <\/strong><\/p>\n\n\n\n<p class=\"has-text-align-left has-vivid-green-cyan-background-color has-background has-medium-font-size\">La municipalit\u00e9 de Mehun toujours \u00e0 nos c\u00f4t\u00e9s  notamment pour l&rsquo;entretien des terrains.         <a href=\"https:\/\/www.ville-mehun-sur-yevre.fr\/\">Mehun-sur-Y\u00e8vre (ville-mehun-sur-yevre.fr)<\/a>  <\/p>\n\n\n\n<p><\/p>\n\n\n\n\n\n<figure class=\"wp-block-image size-large\"><img loading=\"lazy\" width=\"1024\" height=\"567\" src=\"http:\/\/ecaty18.com\/wp-content\/uploads\/2023\/07\/Logo-RIGA-sans-fond-1024x567.png\" alt=\"\" class=\"wp-image-1864\" srcset=\"https:\/\/ecaty18.com\/wp-content\/uploads\/2023\/07\/Logo-RIGA-sans-fond-1024x567.png 1024w, https:\/\/ecaty18.com\/wp-content\/uploads\/2023\/07\/Logo-RIGA-sans-fond-300x166.png 300w, https:\/\/ecaty18.com\/wp-content\/uploads\/2023\/07\/Logo-RIGA-sans-fond-768x426.png 768w, https:\/\/ecaty18.com\/wp-content\/uploads\/2023\/07\/Logo-RIGA-sans-fond-1536x851.png 1536w, https:\/\/ecaty18.com\/wp-content\/uploads\/2023\/07\/Logo-RIGA-sans-fond.png 1597w\" sizes=\"(max-width: 1024px) 100vw, 1024px\" \/><figcaption>Partenaire des nos concours 2022 et 2023 <\/figcaption><\/figure>\n\n\n\n<p><\/p>\n","protected":false},"excerpt":{"rendered":"<p>&nbsp; CLINIQUE VETERINAIRE DES FORGES route de Bourges18100 VIERZON 02 48 75 52 52 Clinique v\u00e9t\u00e9rinaire des Forges | Clinique v\u00e9t\u00e9rinaire \u00e0 Vierzon &#8211; Clinique V\u00e9t\u00e9rinaire des Forges (cliniquedesforges.fr) CENTRE ANTI-POISON POUR ANIMAUX (ouvert 24h\/24) LYON 04 78 87 10 40 NANTES 02 40 68 77 40 NOS PARTENAIRES La municipalit\u00e9 de Mehun toujours \u00e0&hellip;<\/p>\n","protected":false},"author":1,"featured_media":0,"parent":0,"menu_order":0,"comment_status":"closed","ping_status":"closed","template":"","meta":[],"_links":{"self":[{"href":"https:\/\/ecaty18.com\/index.php\/wp-json\/wp\/v2\/pages\/231"}],"collection":[{"href":"https:\/\/ecaty18.com\/index.php\/wp-json\/wp\/v2\/pages"}],"about":[{"href":"https:\/\/ecaty18.com\/index.php\/wp-json\/wp\/v2\/types\/page"}],"author":[{"embeddable":true,"href":"https:\/\/ecaty18.com\/index.php\/wp-json\/wp\/v2\/users\/1"}],"replies":[{"embeddable":true,"href":"https:\/\/ecaty18.com\/index.php\/wp-json\/wp\/v2\/comments?post=231"}],"version-history":[{"count":25,"href":"https:\/\/ecaty18.com\/index.php\/wp-json\/wp\/v2\/pages\/231\/revisions"}],"predecessor-version":[{"id":1870,"href":"https:\/\/ecaty18.com\/index.php\/wp-json\/wp\/v2\/pages\/231\/revisions\/1870"}],"wp:attachment":[{"href":"https:\/\/ecaty18.com\/index.php\/wp-json\/wp\/v2\/media?parent=231"}],"curies":[{"name":"wp","href":"https:\/\/api.w.org\/{rel}","templated":true}]}}