{"id":20,"date":"2020-03-17T17:27:01","date_gmt":"2020-03-17T16:27:01","guid":{"rendered":"http:\/\/ecaty18.com\/?page_id=20"},"modified":"2026-03-08T11:46:29","modified_gmt":"2026-03-08T10:46:29","slug":"lagility","status":"publish","type":"page","link":"https:\/\/ecaty18.com\/index.php\/lagility\/","title":{"rendered":"L&rsquo;agility"},"content":{"rendered":"\n<p class=\"has-very-light-gray-color has-text-color has-background has-medium-font-size\" style=\"background-color:#7b9a23\">L&rsquo;agility est un jeu complice o\u00f9 maitre et chien sont associ\u00e9s pour arriver au bout du parcours avec un minimum de p\u00e9nalit\u00e9s dans un temps d\u00e9fini par le juge. N\u2019utilisant que sa voix et sa gestuelle, sans laisse ni collier. <br>Discipline ludique par excellence dont la base reste une \u00e9ducation du ma\u00eetre et du chien. L\u2019agility est ouverte \u00e0 toutes et tous sans \u00e2ge limite. L\u2019agility, c\u2019est un jeu d\u2019adresse qui allie \u00e9ducation, complicit\u00e9, v\u00e9locit\u00e9 avec comme tous les jeux sportifs quelques r\u00e8gles. L\u2019agility, c\u2019est se maintenir en forme, c\u2019est faire des rencontres toute l\u2019ann\u00e9e sur des terrains. Petits et grands, qu&rsquo;il s&rsquo;agisse du ma\u00eetre ou du chien, l&rsquo;agility est un sport pour tous !  <br>Chez ECATY nous sommes une petite \u00e9quipe d&rsquo;agilitistes \u00e0 sortir r\u00e9guli\u00e8rement en concours. C&rsquo;est le fruit d&rsquo;un travail de plusieurs mois, pour pr\u00e9parer le \u00ab\u00a0pass agility\u00a0\u00bb, sorte de \u00ab\u00a0permis de conduire\u00a0\u00bb \u00e0 obtenir quand l&rsquo;\u00e9quipe est pr\u00eate, quand le chien est capable d&rsquo;enchainer tous les obstacles sur les ordres de son ma\u00eetre. Puis, au fil des concours, et avec beaucoup de patience, c&rsquo;est le \u00ab\u00a0grade 1\u00a0\u00bb, puis le \u00ab\u00a0grade 2\u00a0\u00bb et pourquoi pas l&rsquo;objectif du \u00ab\u00a0grade 3\u00a0\u00bb !  <br>Chaque ann\u00e9e en octobre, notre club organise un concours officiel, un grand moment qui ne peut vivre qu&rsquo;avec l&rsquo;engagement de nos adh\u00e9rents  b\u00e9n\u00e9voles, nous comptons sur vous !  <br>Vous trouverez sur le site de la CNEAC tous les renseignements sur cette discipline ( <a href=\"http:\/\/activites-canines.com\/?page_id=2131\" target=\"_blank\" rel=\"noreferrer noopener\" aria-label=\" (s\u2019ouvre dans un nouvel onglet)\">http:\/\/activites-canines.com\/?page_id=2131<\/a> ) et n&rsquo;h\u00e9sitez pas \u00e0 en parler avec Bernard, notre responsable agility .  <br><br><\/p>\n\n\n\n<figure class=\"wp-block-gallery columns-0 is-cropped\"><ul class=\"blocks-gallery-grid\"><li class=\"blocks-gallery-item\"><figure><img src=\"http:\/\/ecaty18.com\/wp-content\/uploads\/2023\/12\/AFFICHE-CNEAC-Agility.jpg\" alt=\"\" data-id=\"2288\" data-link=\"http:\/\/ecaty18.com\/affiche-cneac-agility\/\" class=\"wp-image-2288\"\/><\/figure><\/li><\/ul><\/figure>\n\n\n\n<p class=\"has-text-align-center has-luminous-vivid-orange-color has-text-color has-large-font-size\"><strong>Nos  licenci\u00e9s 2026<\/strong> (en cours de mise \u00e0 jour)<\/p>\n\n\n\n<figure class=\"wp-block-gallery columns-1 is-cropped\"><ul class=\"blocks-gallery-grid\"><li class=\"blocks-gallery-item\"><figure><img loading=\"lazy\" width=\"300\" height=\"225\" src=\"https:\/\/ecaty18.com\/wp-content\/uploads\/2023\/03\/www.kizoa_.com_img_0524-1-300x225.jpg\" alt=\"\" data-id=\"1613\" data-link=\"https:\/\/ecaty18.com\/index.php\/lagility\/www-kizoa_-com_img_0524-1\/\" class=\"wp-image-1613\" srcset=\"https:\/\/ecaty18.com\/wp-content\/uploads\/2023\/03\/www.kizoa_.com_img_0524-1-300x225.jpg 300w, https:\/\/ecaty18.com\/wp-content\/uploads\/2023\/03\/www.kizoa_.com_img_0524-1-1024x768.jpg 1024w, https:\/\/ecaty18.com\/wp-content\/uploads\/2023\/03\/www.kizoa_.com_img_0524-1-768x576.jpg 768w, https:\/\/ecaty18.com\/wp-content\/uploads\/2023\/03\/www.kizoa_.com_img_0524-1-1536x1152.jpg 1536w, https:\/\/ecaty18.com\/wp-content\/uploads\/2023\/03\/www.kizoa_.com_img_0524-1-120x90.jpg 120w, https:\/\/ecaty18.com\/wp-content\/uploads\/2023\/03\/www.kizoa_.com_img_0524-1.jpg 1920w\" sizes=\"(max-width: 300px) 100vw, 300px\" \/><figcaption class=\"blocks-gallery-item__caption\">Fr\u00e9d\u00e9ric et Piano GRADE 3<\/figcaption><\/figure><\/li><li class=\"blocks-gallery-item\"><figure><img loading=\"lazy\" width=\"300\" height=\"225\" src=\"https:\/\/ecaty18.com\/wp-content\/uploads\/2023\/03\/www.kizoa_.com_img_0526-1-300x225.jpg\" alt=\"\" data-id=\"1614\" data-link=\"https:\/\/ecaty18.com\/index.php\/lagility\/www-kizoa_-com_img_0526-1\/\" class=\"wp-image-1614\" srcset=\"https:\/\/ecaty18.com\/wp-content\/uploads\/2023\/03\/www.kizoa_.com_img_0526-1-300x225.jpg 300w, https:\/\/ecaty18.com\/wp-content\/uploads\/2023\/03\/www.kizoa_.com_img_0526-1-1024x768.jpg 1024w, https:\/\/ecaty18.com\/wp-content\/uploads\/2023\/03\/www.kizoa_.com_img_0526-1-768x576.jpg 768w, https:\/\/ecaty18.com\/wp-content\/uploads\/2023\/03\/www.kizoa_.com_img_0526-1-1536x1152.jpg 1536w, https:\/\/ecaty18.com\/wp-content\/uploads\/2023\/03\/www.kizoa_.com_img_0526-1-120x90.jpg 120w, https:\/\/ecaty18.com\/wp-content\/uploads\/2023\/03\/www.kizoa_.com_img_0526-1.jpg 1920w\" sizes=\"(max-width: 300px) 100vw, 300px\" \/><figcaption class=\"blocks-gallery-item__caption\">Christel et Opus GRADE 3<\/figcaption><\/figure><\/li><li class=\"blocks-gallery-item\"><figure><img loading=\"lazy\" width=\"225\" height=\"300\" src=\"https:\/\/ecaty18.com\/wp-content\/uploads\/2024\/12\/IMG_4316-225x300.jpg\" alt=\"\" data-id=\"2948\" data-link=\"https:\/\/ecaty18.com\/index.php\/lagility\/img_4316\/\" class=\"wp-image-2948\" srcset=\"https:\/\/ecaty18.com\/wp-content\/uploads\/2024\/12\/IMG_4316-225x300.jpg 225w, https:\/\/ecaty18.com\/wp-content\/uploads\/2024\/12\/IMG_4316-768x1024.jpg 768w, https:\/\/ecaty18.com\/wp-content\/uploads\/2024\/12\/IMG_4316-1152x1536.jpg 1152w, https:\/\/ecaty18.com\/wp-content\/uploads\/2024\/12\/IMG_4316.jpg 1536w\" sizes=\"(max-width: 225px) 100vw, 225px\" \/><figcaption class=\"blocks-gallery-item__caption\">Bernard et Rio GRADE 3<\/figcaption><\/figure><\/li><li class=\"blocks-gallery-item\"><figure><img loading=\"lazy\" width=\"300\" height=\"225\" src=\"https:\/\/ecaty18.com\/wp-content\/uploads\/2024\/07\/IMG_4155-300x225.jpg\" alt=\"\" data-id=\"2766\" data-link=\"http:\/\/ecaty18.com\/index.php\/2024\/07\/22\/bravo-cecile-et-patton\/img_4155\/\" class=\"wp-image-2766\" srcset=\"https:\/\/ecaty18.com\/wp-content\/uploads\/2024\/07\/IMG_4155-300x225.jpg 300w, https:\/\/ecaty18.com\/wp-content\/uploads\/2024\/07\/IMG_4155-1024x768.jpg 1024w, https:\/\/ecaty18.com\/wp-content\/uploads\/2024\/07\/IMG_4155-768x576.jpg 768w, https:\/\/ecaty18.com\/wp-content\/uploads\/2024\/07\/IMG_4155-1536x1152.jpg 1536w, https:\/\/ecaty18.com\/wp-content\/uploads\/2024\/07\/IMG_4155-2048x1536.jpg 2048w, https:\/\/ecaty18.com\/wp-content\/uploads\/2024\/07\/IMG_4155-120x90.jpg 120w\" sizes=\"(max-width: 300px) 100vw, 300px\" \/><figcaption class=\"blocks-gallery-item__caption\">C\u00e9cile et Patton GRADE 2<\/figcaption><\/figure><\/li><li class=\"blocks-gallery-item\"><figure><img loading=\"lazy\" width=\"300\" height=\"230\" src=\"https:\/\/ecaty18.com\/wp-content\/uploads\/2026\/03\/PAULETTE-ET-LEFNA-300x230.jpg\" alt=\"\" data-id=\"3326\" data-link=\"https:\/\/ecaty18.com\/index.php\/lagility\/paulette-et-lefna\/\" class=\"wp-image-3326\" srcset=\"https:\/\/ecaty18.com\/wp-content\/uploads\/2026\/03\/PAULETTE-ET-LEFNA-300x230.jpg 300w, https:\/\/ecaty18.com\/wp-content\/uploads\/2026\/03\/PAULETTE-ET-LEFNA-1024x787.jpg 1024w, https:\/\/ecaty18.com\/wp-content\/uploads\/2026\/03\/PAULETTE-ET-LEFNA-768x590.jpg 768w, https:\/\/ecaty18.com\/wp-content\/uploads\/2026\/03\/PAULETTE-ET-LEFNA-1536x1180.jpg 1536w, https:\/\/ecaty18.com\/wp-content\/uploads\/2026\/03\/PAULETTE-ET-LEFNA.jpg 1837w\" sizes=\"(max-width: 300px) 100vw, 300px\" \/><figcaption class=\"blocks-gallery-item__caption\">Paulette et Lefna GRADE  2<\/figcaption><\/figure><\/li><li class=\"blocks-gallery-item\"><figure><img loading=\"lazy\" width=\"300\" height=\"225\" src=\"https:\/\/ecaty18.com\/wp-content\/uploads\/2026\/03\/PAULETTE-ET-TISZA-300x225.jpeg\" alt=\"\" data-id=\"3327\" data-link=\"https:\/\/ecaty18.com\/index.php\/lagility\/paulette-et-tisza\/\" class=\"wp-image-3327\" srcset=\"https:\/\/ecaty18.com\/wp-content\/uploads\/2026\/03\/PAULETTE-ET-TISZA-300x225.jpeg 300w, https:\/\/ecaty18.com\/wp-content\/uploads\/2026\/03\/PAULETTE-ET-TISZA-1024x768.jpeg 1024w, https:\/\/ecaty18.com\/wp-content\/uploads\/2026\/03\/PAULETTE-ET-TISZA-768x576.jpeg 768w, https:\/\/ecaty18.com\/wp-content\/uploads\/2026\/03\/PAULETTE-ET-TISZA-1536x1152.jpeg 1536w, https:\/\/ecaty18.com\/wp-content\/uploads\/2026\/03\/PAULETTE-ET-TISZA-120x90.jpeg 120w, https:\/\/ecaty18.com\/wp-content\/uploads\/2026\/03\/PAULETTE-ET-TISZA.jpeg 2016w\" sizes=\"(max-width: 300px) 100vw, 300px\" \/><figcaption class=\"blocks-gallery-item__caption\">Paulette et Tisza GRADE 2<\/figcaption><\/figure><\/li><li class=\"blocks-gallery-item\"><figure><img loading=\"lazy\" width=\"300\" height=\"225\" src=\"https:\/\/ecaty18.com\/wp-content\/uploads\/2026\/03\/ROLAND-ET-LEELOO-300x225.jpeg\" alt=\"\" data-id=\"3329\" data-link=\"https:\/\/ecaty18.com\/index.php\/lagility\/roland-et-leeloo\/\" class=\"wp-image-3329\" srcset=\"https:\/\/ecaty18.com\/wp-content\/uploads\/2026\/03\/ROLAND-ET-LEELOO-300x225.jpeg 300w, https:\/\/ecaty18.com\/wp-content\/uploads\/2026\/03\/ROLAND-ET-LEELOO-1024x768.jpeg 1024w, https:\/\/ecaty18.com\/wp-content\/uploads\/2026\/03\/ROLAND-ET-LEELOO-768x576.jpeg 768w, https:\/\/ecaty18.com\/wp-content\/uploads\/2026\/03\/ROLAND-ET-LEELOO-1536x1152.jpeg 1536w, https:\/\/ecaty18.com\/wp-content\/uploads\/2026\/03\/ROLAND-ET-LEELOO-120x90.jpeg 120w, https:\/\/ecaty18.com\/wp-content\/uploads\/2026\/03\/ROLAND-ET-LEELOO.jpeg 2016w\" sizes=\"(max-width: 300px) 100vw, 300px\" \/><figcaption class=\"blocks-gallery-item__caption\">Roland et Leeloo GRADE  2<\/figcaption><\/figure><\/li><li class=\"blocks-gallery-item\"><figure><img loading=\"lazy\" width=\"269\" height=\"300\" src=\"https:\/\/ecaty18.com\/wp-content\/uploads\/2024\/04\/a173daf0-1bcb-4ea8-9063-68dd7e1f4aef-e1714235266714-269x300.jpg\" alt=\"\" data-id=\"2677\" data-link=\"https:\/\/ecaty18.com\/index.php\/2024\/04\/27\/bravo-alain-et-tbalu\/a173daf0-1bcb-4ea8-9063-68dd7e1f4aef\/\" class=\"wp-image-2677\" srcset=\"https:\/\/ecaty18.com\/wp-content\/uploads\/2024\/04\/a173daf0-1bcb-4ea8-9063-68dd7e1f4aef-e1714235266714-269x300.jpg 269w, https:\/\/ecaty18.com\/wp-content\/uploads\/2024\/04\/a173daf0-1bcb-4ea8-9063-68dd7e1f4aef-e1714235266714.jpg 768w\" sizes=\"(max-width: 269px) 100vw, 269px\" \/><figcaption class=\"blocks-gallery-item__caption\">Alain et T&rsquo;Balu GRADE 2<\/figcaption><\/figure><\/li><li class=\"blocks-gallery-item\"><figure><img loading=\"lazy\" width=\"300\" height=\"225\" src=\"https:\/\/ecaty18.com\/wp-content\/uploads\/2023\/03\/www.kizoa_.com_img_0538-1-300x225.jpg\" alt=\"\" data-id=\"1617\" data-link=\"https:\/\/ecaty18.com\/index.php\/lagility\/www-kizoa_-com_img_0538-1\/\" class=\"wp-image-1617\" srcset=\"https:\/\/ecaty18.com\/wp-content\/uploads\/2023\/03\/www.kizoa_.com_img_0538-1-300x225.jpg 300w, https:\/\/ecaty18.com\/wp-content\/uploads\/2023\/03\/www.kizoa_.com_img_0538-1-1024x768.jpg 1024w, https:\/\/ecaty18.com\/wp-content\/uploads\/2023\/03\/www.kizoa_.com_img_0538-1-768x576.jpg 768w, https:\/\/ecaty18.com\/wp-content\/uploads\/2023\/03\/www.kizoa_.com_img_0538-1-1536x1152.jpg 1536w, https:\/\/ecaty18.com\/wp-content\/uploads\/2023\/03\/www.kizoa_.com_img_0538-1-120x90.jpg 120w, https:\/\/ecaty18.com\/wp-content\/uploads\/2023\/03\/www.kizoa_.com_img_0538-1.jpg 1920w\" sizes=\"(max-width: 300px) 100vw, 300px\" \/><figcaption class=\"blocks-gallery-item__caption\">Claudie et Tempo GRADE 2<\/figcaption><\/figure><\/li><li class=\"blocks-gallery-item\"><figure><img loading=\"lazy\" width=\"300\" height=\"225\" src=\"https:\/\/ecaty18.com\/wp-content\/uploads\/2026\/03\/CHRISTIAN-ET-SAKHEES-1-300x225.jpeg\" alt=\"\" data-id=\"3333\" data-full-url=\"https:\/\/ecaty18.com\/wp-content\/uploads\/2026\/03\/CHRISTIAN-ET-SAKHEES-1.jpeg\" data-link=\"https:\/\/ecaty18.com\/index.php\/lagility\/christian-et-sakhees-1\/\" class=\"wp-image-3333\" srcset=\"https:\/\/ecaty18.com\/wp-content\/uploads\/2026\/03\/CHRISTIAN-ET-SAKHEES-1-300x225.jpeg 300w, https:\/\/ecaty18.com\/wp-content\/uploads\/2026\/03\/CHRISTIAN-ET-SAKHEES-1-1024x768.jpeg 1024w, https:\/\/ecaty18.com\/wp-content\/uploads\/2026\/03\/CHRISTIAN-ET-SAKHEES-1-768x576.jpeg 768w, https:\/\/ecaty18.com\/wp-content\/uploads\/2026\/03\/CHRISTIAN-ET-SAKHEES-1-1536x1152.jpeg 1536w, https:\/\/ecaty18.com\/wp-content\/uploads\/2026\/03\/CHRISTIAN-ET-SAKHEES-1-120x90.jpeg 120w, https:\/\/ecaty18.com\/wp-content\/uploads\/2026\/03\/CHRISTIAN-ET-SAKHEES-1.jpeg 2016w\" sizes=\"(max-width: 300px) 100vw, 300px\" \/><figcaption class=\"blocks-gallery-item__caption\">Christian et Sakhees GRADE 2<\/figcaption><\/figure><\/li><li class=\"blocks-gallery-item\"><figure><img loading=\"lazy\" width=\"300\" height=\"225\" src=\"https:\/\/ecaty18.com\/wp-content\/uploads\/2024\/01\/TERESA-NIOKI-300x225.jpg\" alt=\"\" data-id=\"2343\" data-link=\"https:\/\/ecaty18.com\/index.php\/lagility\/teresa-nioki-2\/\" class=\"wp-image-2343\" srcset=\"https:\/\/ecaty18.com\/wp-content\/uploads\/2024\/01\/TERESA-NIOKI-300x225.jpg 300w, https:\/\/ecaty18.com\/wp-content\/uploads\/2024\/01\/TERESA-NIOKI-1024x768.jpg 1024w, https:\/\/ecaty18.com\/wp-content\/uploads\/2024\/01\/TERESA-NIOKI-768x576.jpg 768w, https:\/\/ecaty18.com\/wp-content\/uploads\/2024\/01\/TERESA-NIOKI-120x90.jpg 120w, https:\/\/ecaty18.com\/wp-content\/uploads\/2024\/01\/TERESA-NIOKI.jpg 1152w\" sizes=\"(max-width: 300px) 100vw, 300px\" \/><figcaption class=\"blocks-gallery-item__caption\">T\u00e9r\u00e9sa et Nioki GRADE 1<\/figcaption><\/figure><\/li><li class=\"blocks-gallery-item\"><figure><img loading=\"lazy\" width=\"300\" height=\"225\" src=\"https:\/\/ecaty18.com\/wp-content\/uploads\/2025\/03\/IMG_4077-300x225.jpg\" alt=\"\" data-id=\"3004\" data-link=\"https:\/\/ecaty18.com\/index.php\/lagility\/img_4077\/\" class=\"wp-image-3004\" srcset=\"https:\/\/ecaty18.com\/wp-content\/uploads\/2025\/03\/IMG_4077-300x225.jpg 300w, https:\/\/ecaty18.com\/wp-content\/uploads\/2025\/03\/IMG_4077-120x90.jpg 120w, https:\/\/ecaty18.com\/wp-content\/uploads\/2025\/03\/IMG_4077.jpg 640w\" sizes=\"(max-width: 300px) 100vw, 300px\" \/><figcaption class=\"blocks-gallery-item__caption\">Nathalie et Toccata GRADE 1<\/figcaption><\/figure><\/li><li class=\"blocks-gallery-item\"><figure><img loading=\"lazy\" width=\"300\" height=\"225\" src=\"https:\/\/ecaty18.com\/wp-content\/uploads\/2025\/03\/IMG_4071-300x225.jpg\" alt=\"\" data-id=\"3006\" data-link=\"https:\/\/ecaty18.com\/index.php\/lagility\/img_4071\/\" class=\"wp-image-3006\" srcset=\"https:\/\/ecaty18.com\/wp-content\/uploads\/2025\/03\/IMG_4071-300x225.jpg 300w, https:\/\/ecaty18.com\/wp-content\/uploads\/2025\/03\/IMG_4071-120x90.jpg 120w, https:\/\/ecaty18.com\/wp-content\/uploads\/2025\/03\/IMG_4071.jpg 640w\" sizes=\"(max-width: 300px) 100vw, 300px\" \/><figcaption class=\"blocks-gallery-item__caption\">Eric et Shamie GRADE 1<\/figcaption><\/figure><\/li><\/ul><\/figure>\n\n\n\n<figure class=\"wp-block-gallery columns-1 is-cropped\"><ul class=\"blocks-gallery-grid\"><li class=\"blocks-gallery-item\"><figure><img loading=\"lazy\" width=\"1024\" height=\"768\" src=\"https:\/\/ecaty18.com\/wp-content\/uploads\/2026\/03\/CECILE-ET-UMA-ROSE-1024x768.jpeg\" alt=\"\" data-id=\"3330\" data-full-url=\"https:\/\/ecaty18.com\/wp-content\/uploads\/2026\/03\/CECILE-ET-UMA-ROSE.jpeg\" data-link=\"https:\/\/ecaty18.com\/index.php\/lagility\/cecile-et-uma-rose\/\" class=\"wp-image-3330\" srcset=\"https:\/\/ecaty18.com\/wp-content\/uploads\/2026\/03\/CECILE-ET-UMA-ROSE-1024x768.jpeg 1024w, https:\/\/ecaty18.com\/wp-content\/uploads\/2026\/03\/CECILE-ET-UMA-ROSE-300x225.jpeg 300w, https:\/\/ecaty18.com\/wp-content\/uploads\/2026\/03\/CECILE-ET-UMA-ROSE-768x576.jpeg 768w, https:\/\/ecaty18.com\/wp-content\/uploads\/2026\/03\/CECILE-ET-UMA-ROSE-1536x1152.jpeg 1536w, https:\/\/ecaty18.com\/wp-content\/uploads\/2026\/03\/CECILE-ET-UMA-ROSE-120x90.jpeg 120w, https:\/\/ecaty18.com\/wp-content\/uploads\/2026\/03\/CECILE-ET-UMA-ROSE.jpeg 2016w\" sizes=\"(max-width: 1024px) 100vw, 1024px\" \/><figcaption class=\"blocks-gallery-item__caption\">C\u00e9cile et Uma Rose GRADE 1<\/figcaption><\/figure><\/li><\/ul><\/figure>\n\n\n\n<p class=\"has-text-align-center has-luminous-vivid-orange-color has-text-color has-medium-font-size\">GRANDS EVENEMENTS<\/p>\n\n\n\n<figure class=\"wp-block-image size-full\"><img loading=\"lazy\" width=\"800\" height=\"2400\" src=\"http:\/\/ecaty18.com\/wp-content\/uploads\/2024\/02\/420175477_7144865482228286_2815398408241965688_n.jpg\" alt=\"\" class=\"wp-image-2460\" srcset=\"https:\/\/ecaty18.com\/wp-content\/uploads\/2024\/02\/420175477_7144865482228286_2815398408241965688_n.jpg 800w, https:\/\/ecaty18.com\/wp-content\/uploads\/2024\/02\/420175477_7144865482228286_2815398408241965688_n-100x300.jpg 100w, https:\/\/ecaty18.com\/wp-content\/uploads\/2024\/02\/420175477_7144865482228286_2815398408241965688_n-341x1024.jpg 341w, https:\/\/ecaty18.com\/wp-content\/uploads\/2024\/02\/420175477_7144865482228286_2815398408241965688_n-768x2304.jpg 768w, https:\/\/ecaty18.com\/wp-content\/uploads\/2024\/02\/420175477_7144865482228286_2815398408241965688_n-512x1536.jpg 512w, https:\/\/ecaty18.com\/wp-content\/uploads\/2024\/02\/420175477_7144865482228286_2815398408241965688_n-683x2048.jpg 683w\" sizes=\"(max-width: 800px) 100vw, 800px\" \/><\/figure>\n\n\n\n<div class=\"wp-block-image\"><figure class=\"aligncenter size-full\"><img loading=\"lazy\" width=\"800\" height=\"2400\" src=\"http:\/\/ecaty18.com\/wp-content\/uploads\/2024\/02\/417519113_7144865462228288_3634358333876026533_n.jpg\" alt=\"\" class=\"wp-image-2456\" srcset=\"https:\/\/ecaty18.com\/wp-content\/uploads\/2024\/02\/417519113_7144865462228288_3634358333876026533_n.jpg 800w, https:\/\/ecaty18.com\/wp-content\/uploads\/2024\/02\/417519113_7144865462228288_3634358333876026533_n-100x300.jpg 100w, https:\/\/ecaty18.com\/wp-content\/uploads\/2024\/02\/417519113_7144865462228288_3634358333876026533_n-341x1024.jpg 341w, https:\/\/ecaty18.com\/wp-content\/uploads\/2024\/02\/417519113_7144865462228288_3634358333876026533_n-768x2304.jpg 768w, https:\/\/ecaty18.com\/wp-content\/uploads\/2024\/02\/417519113_7144865462228288_3634358333876026533_n-512x1536.jpg 512w, https:\/\/ecaty18.com\/wp-content\/uploads\/2024\/02\/417519113_7144865462228288_3634358333876026533_n-683x2048.jpg 683w\" sizes=\"(max-width: 800px) 100vw, 800px\" \/><\/figure><\/div>\n\n\n\n<figure class=\"wp-block-image size-full\"><img loading=\"lazy\" width=\"800\" height=\"2400\" src=\"http:\/\/ecaty18.com\/wp-content\/uploads\/2024\/02\/417476380_7144865472228287_1158263606481780598_n.jpg\" alt=\"\" class=\"wp-image-2461\" srcset=\"https:\/\/ecaty18.com\/wp-content\/uploads\/2024\/02\/417476380_7144865472228287_1158263606481780598_n.jpg 800w, https:\/\/ecaty18.com\/wp-content\/uploads\/2024\/02\/417476380_7144865472228287_1158263606481780598_n-100x300.jpg 100w, https:\/\/ecaty18.com\/wp-content\/uploads\/2024\/02\/417476380_7144865472228287_1158263606481780598_n-341x1024.jpg 341w, https:\/\/ecaty18.com\/wp-content\/uploads\/2024\/02\/417476380_7144865472228287_1158263606481780598_n-768x2304.jpg 768w, https:\/\/ecaty18.com\/wp-content\/uploads\/2024\/02\/417476380_7144865472228287_1158263606481780598_n-512x1536.jpg 512w, https:\/\/ecaty18.com\/wp-content\/uploads\/2024\/02\/417476380_7144865472228287_1158263606481780598_n-683x2048.jpg 683w\" sizes=\"(max-width: 800px) 100vw, 800px\" \/><\/figure>\n","protected":false},"excerpt":{"rendered":"<p>L&rsquo;agility est un jeu complice o\u00f9 maitre et chien sont associ\u00e9s pour arriver au bout du parcours avec un minimum de p\u00e9nalit\u00e9s dans un temps d\u00e9fini par le juge. N\u2019utilisant que sa voix et sa gestuelle, sans laisse ni collier. Discipline ludique par excellence dont la base reste une \u00e9ducation du ma\u00eetre et du chien.&hellip;<\/p>\n","protected":false},"author":1,"featured_media":0,"parent":0,"menu_order":0,"comment_status":"closed","ping_status":"closed","template":"","meta":[],"_links":{"self":[{"href":"https:\/\/ecaty18.com\/index.php\/wp-json\/wp\/v2\/pages\/20"}],"collection":[{"href":"https:\/\/ecaty18.com\/index.php\/wp-json\/wp\/v2\/pages"}],"about":[{"href":"https:\/\/ecaty18.com\/index.php\/wp-json\/wp\/v2\/types\/page"}],"author":[{"embeddable":true,"href":"https:\/\/ecaty18.com\/index.php\/wp-json\/wp\/v2\/users\/1"}],"replies":[{"embeddable":true,"href":"https:\/\/ecaty18.com\/index.php\/wp-json\/wp\/v2\/comments?post=20"}],"version-history":[{"count":80,"href":"https:\/\/ecaty18.com\/index.php\/wp-json\/wp\/v2\/pages\/20\/revisions"}],"predecessor-version":[{"id":3336,"href":"https:\/\/ecaty18.com\/index.php\/wp-json\/wp\/v2\/pages\/20\/revisions\/3336"}],"wp:attachment":[{"href":"https:\/\/ecaty18.com\/index.php\/wp-json\/wp\/v2\/media?parent=20"}],"curies":[{"name":"wp","href":"https:\/\/api.w.org\/{rel}","templated":true}]}}